{"id":3,"date":"2020-08-06T19:14:07","date_gmt":"2020-08-06T19:14:07","guid":{"rendered":"http:\/\/177.247.10.168\/?page_id=3"},"modified":"2023-09-26T15:53:04","modified_gmt":"2023-09-26T15:53:04","slug":"politica-privacidad","status":"publish","type":"page","link":"https:\/\/www.ecnorsa.com.mx\/?page_id=3","title":{"rendered":"Aviso de privacidad"},"content":{"rendered":"\r\n<div id=\"1223090324\" class=\"dmRespRow dmMiddleContentRow\" style=\"text-align: left;\">\r\n<div id=\"1578351301\" class=\"dmRespColsWrapper\">\r\n<div id=\"1610048600\" class=\"small-12 dmRespCol dmAboutBottomFirstSection medium-12 large-12\">\r\n<div id=\"1166514196\" class=\"dmNewParagraph\">\r\n<h1 style=\"text-align: center;\"><strong>Aviso de privacidad\u00a0<\/strong><\/h1>\r\n<div>\r\n<p><strong>\u00a0<\/strong><\/p>\r\n<p>De acuerdo con lo previsto en la Ley Federal de Protecci\u00f3n de Datos Personales en Posesi\u00f3n de Particulares y su Reglamento respectivo (en adelante la \u201cLey\u201d), <strong>Energ\u00e9ticos Centrifugados del Norte, S.A. de C.V.<\/strong> declara ser una sociedad mexicana legalmente constituida, y manifiesta ser la responsable del tratamiento de sus datos personales.<\/p>\r\n<p>&nbsp;<\/p>\r\n<table>\r\n<tbody>\r\n<tr>\r\n<td width=\"589\">\r\n<p>Domicilio: <strong>Ave. Vasconcelos No. 390 Pte., Col. Del Valle, San Pedro Garza Garc\u00eda, N.L.<\/strong><\/p>\r\n<\/td>\r\n<\/tr>\r\n<tr>\r\n<td width=\"589\">\r\n<p><u>\u00a0<\/u><\/p>\r\n<p><u>Tel\u00e9fono<\/u>: <strong>(81) 1257-2000<\/strong><\/p>\r\n<\/td>\r\n<\/tr>\r\n<tr>\r\n<td width=\"589\">\r\n<p><u>\u00a0<\/u><\/p>\r\n<p>Correo electr\u00f3nico: <strong>avisodeprivacidad@orsan.com.mx<\/strong><\/p>\r\n<\/td>\r\n<\/tr>\r\n<\/tbody>\r\n<\/table>\r\n<p><strong>\u00a0<\/strong><\/p>\r\n<p><strong>I. Definiciones:<\/strong> Se definen las siguientes palabras que se consideran importantes para el Aviso de Privacidad.<\/p>\r\n<ol>\r\n<li style=\"list-style-type: none;\">\r\n<ol>\r\n<li><strong>Datos Personales:<\/strong> Por Datos Personales se entiende toda informaci\u00f3n concerniente a una persona f\u00edsica identificada o identificable.<\/li>\r\n<li><strong>Titular:<\/strong> El Titular es la persona f\u00edsica a quien identifican o a la que le corresponden los Datos Personales.<\/li>\r\n<li><strong>Responsable:<\/strong> El Responsable es la persona que recolecta y trata con los Datos Personales del Titular. <strong>Energ\u00e9ticos Centrifugados del Norte, S.A. de C.V.<\/strong> (en adelante \u201cEcnorsa\u201d o el \u201cResponsable\u201d), es la persona moral, que recabar\u00e1 sus Datos Personales para los fines mencionados en el Aviso de Privacidad.<\/li>\r\n<li><strong>Tratamiento:<\/strong> La obtenci\u00f3n, uso (por \u201cuso\u201d se entiende tanto el acceso, manejo, aprovechamiento, transferencia o disposici\u00f3n de los Datos Personales), divulgaci\u00f3n o almacenamiento de Datos Personales por cualquier medio.<\/li>\r\n<\/ol>\r\n<\/li>\r\n<\/ol>\r\n<p>&nbsp;<\/p>\r\n<p><strong>II. Datos Personales que Recaba el Responsable:<\/strong> Usted puede navegar en nuestro sitio web sin proporcionar Datos Personales, sin embargo, en caso que decida contactarnos o entrar a ciertos apartados en los cuales usted puede voluntariamente proporcionar sus Datos Personales para las distintas finalidades aqu\u00ed descritas. Dependiendo de las circunstancias el Responsable le dar\u00e1 un trato diferenciado a los Datos Personales recabados que se vayan generando.<\/p>\r\n<p>Al recabar sus Datos Personales, conforme a las finalidades establecidas en el Aviso de Privacidad y dentro la Ley, pudiera ser el caso que se recaben Datos Personales sensibles. Ecnorsa se compromete a mantener un cuidado especial con toda informaci\u00f3n que pudiera llegar a revelar aspectos sensibles, como lo son el origen racial o \u00e9tnico, estado de salud presente o futura, creencias religiosas o morales, opiniones pol\u00edticas o ideol\u00f3gicas y preferencia sexual.<\/p>\r\n<p>Para contactarnos t\u00edpicamente se recaban los siguientes Datos Personales: nombre completo, correo electr\u00f3nico, fecha de nacimiento, tel\u00e9fono.<\/p>\r\n<p>Para postularse para una vacante laboral se recaban los siguientes Datos Personales: nombre completo, correo electr\u00f3nico, fecha de nacimiento, tel\u00e9fono, g\u00e9nero, domicilio, historial laboral, nivel de estudios, ocupaci\u00f3n, certificaciones, RFC, CURP y nacionalidad.<\/p>\r\n<p>&nbsp;<\/p>\r\n<p><strong>III. Formas de Recabar sus Datos Personales:<\/strong> El Responsable puede recabar sus Datos Personales de distintas formas. Por ejemplo, cuando usted nos proporciona directamente los datos, o cuando visita nuestro sitio de internet o talvez al utilizar nuestros servicios proporcionados. Tambi\u00e9n se pudiera obtener la informaci\u00f3n a trav\u00e9s de otras fuentes o medios que se encuentran permitidos dentro de la Ley.<\/p>\r\n<p>Obtener sus Datos Personales de forma directa quiere decir que sus datos ser\u00e1n recabados cuando usted personalmente nos proporciona la informaci\u00f3n utilizando diversos medios.<\/p>\r\n<p><strong>\u00a0<\/strong><\/p>\r\n<p><strong>IV. Finalidades del Tratamiento de los Datos Personales Recabados:<\/strong> El Responsable recabar\u00e1 sus Datos Personales, y su uso depender\u00e1 de cada caso en concreto, ya que la recolecci\u00f3n de datos es circunstancial, podr\u00e1 tener una o m\u00e1s de las siguientes finalidades:<\/p>\r\n<ol>\r\n<li>Prestar los servicios profesionales que usted contrate con Ecnorsa;<\/li>\r\n<li>Dar seguimiento y\/o contestaci\u00f3n a cualquier duda que tenga usted;<\/li>\r\n<li>Crear un expediente para efectos internos con la finalidad de poder brindarle los servicios contratados con nosotros;<\/li>\r\n<li>Crear y\/o actualizar nuestra base de datos;<\/li>\r\n<li>En su caso, tramitar una solicitud de empleo y canalizarlo al \u00e1rea correspondiente al interior de Ecnorsa;<\/li>\r\n<li>Contactarle para confirmar y dar seguimiento sobre los servicios que se hayan contratado con el Responsable;<\/li>\r\n<li>Contactarle para informarle acerca de beneficios y programas de fidelidad a los que usted pueda tener acceso por virtud de su relaci\u00f3n con Ecnorsa;<\/li>\r\n<li>Dar cumplimiento a las obligaciones, ya sean obligaciones legales o contractuales, contra\u00eddas con usted;<\/li>\r\n<li>Comunicar e informarle sobre cualquier cambio en los servicios contratados por usted;<\/li>\r\n<li>En su caso, contactarle para iniciar el proceso de selecci\u00f3n y reclutamiento;<\/li>\r\n<li>Procesar los pagos derivados de los servicios contratados;<\/li>\r\n<li>Gestionar la entrega de pedidos y compras realizadas por usted;<\/li>\r\n<li>Actividades de an\u00e1lisis de datos a trav\u00e9s de la p\u00e1gina web y\/o APP a trav\u00e9s del uso de tecnolog\u00edas de inteligencia artificial y las an\u00e1logas para an\u00e1lisis y procesamiento transaccional;<\/li>\r\n<li>Darle de alta como participante en cualquiera de nuestras din\u00e1micas que ofrecemos; y\/o,<\/li>\r\n<li>Hacer entrega de productos, servicios, o premios que haya adquirido por virtud de nuestra relaci\u00f3n con usted.<\/li>\r\n<\/ol>\r\n<p><strong>\u00a0<\/strong><\/p>\r\n<p><strong>V. Finalidades no Esenciales del Tratamiento de los Datos Personales Recabados:<\/strong> De manera adicional, utilizamos sus Datos Personales para las siguientes finalidades que no son esenciales, pero que nos permiten y facilitan el poder brindarles una mejor atenci\u00f3n y servicios:<\/p>\r\n<ol>\r\n<li>Evaluar la calidad de los servicios profesionales que presta el Responsable y llevar a cabo encuestas de satisfacci\u00f3n de clientes;<\/li>\r\n<li>Enviarles correos informativos, cotizaciones e invitaciones a eventos de su inter\u00e9s de conformidad con los servicios prestados por el Responsable;<\/li>\r\n<li>Prospecci\u00f3n comercial personalizada mediante el ofrecimiento de nuestros productos y servicios, as\u00ed como cualquier oferta o promoci\u00f3n referente a estos; y\/o,<\/li>\r\n<li>Estudios de car\u00e1cter estad\u00edstico, tales como encuestas o estudios sobre h\u00e1bitos de consumo y sobre el mercado.<\/li>\r\n<\/ol>\r\n<p><strong>\u00a0<\/strong><\/p>\r\n<p><strong>VI. Transferencia:<\/strong> Ecnorsa se compromete a no transferir sus Datos Personales a terceros, dentro o fuera del territorio mexicano, que no intervengan en la prestaci\u00f3n de su servicio o a terceros que interviniendo en la prestaci\u00f3n de su servicio no sean empresas filiales o que no formen parte del Grupo Orsan. Toda transferencia de datos realizada a personas distinta del Responsable se llevar\u00e1 a cabo conforme a lo establecido en la Ley y siempre con su consentimiento.<\/p>\r\n<p>&nbsp;<\/p>\r\n<p><strong>VII. Consentimiento:<\/strong> Se entender\u00e1 que usted ha consentido t\u00e1citamente en el tratamiento de los Datos Personales cuando, habi\u00e9ndose puesto a su disposici\u00f3n el Aviso de Privacidad, no manifieste su oposici\u00f3n.<\/p>\r\n<p>&nbsp;<\/p>\r\n<p><strong>VIII. Procedimiento para Hacer Valer los Derechos ARCO:<\/strong> Usted tiene derecho de acceder a los Datos Personales que poseemos y los detalles del tratamiento de los mismos. Adicionalmente podr\u00e1 rectificarlos en caso de que los Datos Personales est\u00e9n inexactos o incompletos. Tambi\u00e9n podr\u00e1 pedir que sean cancelados cuando considere que los datos no se requieren para alguna de las finalidades se\u00f1alados aqu\u00ed en el Aviso de Privacidad, y que est\u00e9n siendo utilizados para finalidades no consentidas, o en caso de que se haya terminado la relaci\u00f3n contractual o de servicio, o bien, oponerse al tratamiento de los mismos por fines personales.<\/p>\r\n<p>Los mecanismos que se han implementado para el ejercicio de dichos derechos, los cuales se conocen como derechos ARCO mismos que se refieren al acceso, rectificaci\u00f3n, cancelaci\u00f3n y oposici\u00f3n del titular respecto al tratamiento de sus Datos Personales.<\/p>\r\n<ol>\r\n<li>El procedimiento inicia con la presentaci\u00f3n de un escrito que detalle el problema o la afectaci\u00f3n a sus derechos ARCO, en el domicilio o al correo electr\u00f3nico se\u00f1alado al inicio del Aviso de Privacidad.<\/li>\r\n<li>Su escrito deber\u00e1 contener la siguiente informaci\u00f3n:\r\n<ol>\r\n<li>Nombre del Titular de los Datos Personales;<\/li>\r\n<li>Domicilio y\/o cualquier otro medio de contacto; y,<\/li>\r\n<li>Descripci\u00f3n clara y precisa de los Datos Personales en cuesti\u00f3n.<\/li>\r\n<\/ol>\r\n<\/li>\r\n<li>Dentro de los siguientes 20 d\u00edas h\u00e1biles de haber presentado el escrito recibir\u00e1 nuestra respuesta.<\/li>\r\n<\/ol>\r\n<p>Si usted considera que sus derechos de protecci\u00f3n sobre sus Datos Personales han sido lesionados por alguna conducta de nuestros empleados, de nuestras actuaciones, o nuestras respuestas, podr\u00e1 interponer una solicitud ante el Instituto Nacional de Transparencia, Acceso a la Informaci\u00f3n y Protecci\u00f3n de Datos Personales (tambi\u00e9n conocido como INAI).<\/p>\r\n<p>&nbsp;<\/p>\r\n<p><strong>IX. Modificaciones al Aviso de Privacidad:<\/strong> Nos reservamos el derecho de efectuar en cualquier momento modificaciones o actualizaciones al Aviso de Privacidad, conforme a las novedades legislativas, pol\u00edticas internas o nuevos requerimientos para la prestaci\u00f3n u ofrecimiento de nuestros servicios o productos, por lo que nos obligamos a mantener actualizado el Aviso de Privacidad, para su consulta.<\/p>\r\n<p>&nbsp;<\/p>\r\n<\/div>\r\n<\/div>\r\n<\/div>\r\n<\/div>\r\n<\/div>\r\n<div id=\"1421362678\" class=\"u_1421362678 dmRespRow\" style=\"text-align: left;\">\r\n<div id=\"1480995939\" class=\"dmRespColsWrapper\">\r\n<div style=\"text-align: center;\"><img loading=\"lazy\" class=\"alignnone wp-image-4188 size-full\" src=\"https:\/\/www.ecnorsa.com.mx\/wp-content\/uploads\/2023\/09\/image001.png\" alt=\"\" width=\"822\" height=\"1600\" srcset=\"https:\/\/www.ecnorsa.com.mx\/wp-content\/uploads\/2023\/09\/image001.png 822w, https:\/\/www.ecnorsa.com.mx\/wp-content\/uploads\/2023\/09\/image001-154x300.png 154w, https:\/\/www.ecnorsa.com.mx\/wp-content\/uploads\/2023\/09\/image001-526x1024.png 526w, https:\/\/www.ecnorsa.com.mx\/wp-content\/uploads\/2023\/09\/image001-768x1495.png 768w, https:\/\/www.ecnorsa.com.mx\/wp-content\/uploads\/2023\/09\/image001-789x1536.png 789w\" sizes=\"(max-width: 822px) 100vw, 822px\" \/><\/div>\r\n<\/div>\r\n<div>\u00a0<\/div>\r\n<\/div>\r\n","protected":false},"excerpt":{"rendered":"<p>Aviso de privacidad\u00a0 \u00a0 De acuerdo con lo previsto en la Ley Federal de Protecci\u00f3n de Datos Personales en Posesi\u00f3n de Particulares y su Reglamento respectivo (en adelante la \u201cLey\u201d), Energ\u00e9ticos Centrifugados del Norte, S.A. de C.V. declara ser una sociedad mexicana legalmente constituida, y manifiesta ser la responsable del tratamiento de sus datos personales. &nbsp; Domicilio: Ave. Vasconcelos No. 390<\/p>\n","protected":false},"author":1,"featured_media":0,"parent":0,"menu_order":0,"comment_status":"closed","ping_status":"open","template":"","meta":[],"_links":{"self":[{"href":"https:\/\/www.ecnorsa.com.mx\/index.php?rest_route=\/wp\/v2\/pages\/3"}],"collection":[{"href":"https:\/\/www.ecnorsa.com.mx\/index.php?rest_route=\/wp\/v2\/pages"}],"about":[{"href":"https:\/\/www.ecnorsa.com.mx\/index.php?rest_route=\/wp\/v2\/types\/page"}],"author":[{"embeddable":true,"href":"https:\/\/www.ecnorsa.com.mx\/index.php?rest_route=\/wp\/v2\/users\/1"}],"replies":[{"embeddable":true,"href":"https:\/\/www.ecnorsa.com.mx\/index.php?rest_route=%2Fwp%2Fv2%2Fcomments&post=3"}],"version-history":[{"count":6,"href":"https:\/\/www.ecnorsa.com.mx\/index.php?rest_route=\/wp\/v2\/pages\/3\/revisions"}],"predecessor-version":[{"id":4190,"href":"https:\/\/www.ecnorsa.com.mx\/index.php?rest_route=\/wp\/v2\/pages\/3\/revisions\/4190"}],"wp:attachment":[{"href":"https:\/\/www.ecnorsa.com.mx\/index.php?rest_route=%2Fwp%2Fv2%2Fmedia&parent=3"}],"curies":[{"name":"wp","href":"https:\/\/api.w.org\/{rel}","templated":true}]}}