{"id":14,"date":"2020-04-28T07:41:48","date_gmt":"2020-04-28T07:41:48","guid":{"rendered":"http:\/\/ninzio.com\/sanfran\/?page_id=14"},"modified":"2022-02-22T17:59:58","modified_gmt":"2022-02-22T17:59:58","slug":"acercade","status":"publish","type":"page","link":"https:\/\/www.ecnorsa.com.mx\/?page_id=14","title":{"rendered":"Acerca de"},"content":{"rendered":"<p>[vc_row][vc_column]<div class=\"deeper-spacer clearfix\" data-config='{\"desktop\":100,\"mobile\":80,\"smobile\":60}'><\/div>[vc_row_inner equal_height=&#8221;yes&#8221; content_placement=&#8221;middle&#8221; column_inner_spacing=&#8221;30px&#8221;][vc_column_inner offset=&#8221;vc_col-md-6&#8243;]<div class=\"deeper-content-box clearfix ctb-1826194754\" style=\"\" data-config='{\"padding\":\"0 90px 0 0\",\"mobiPadding\":\"\",\"margin\":\"\",\"mobiMargin\":\"0\",\"borderStyleHover\":\"solid\"}'>\r\n\t\t\t\t\t<div class=\"inner \" style=\"\">\r\n\t\t\t\t\t\t<div class=\"deeper-text align-left \" style=\"font-size:15px;line-height:24px;letter-spacing:0.25px;margin-bottom:17px;color:#afbbc6;\" ><span>Energ\u00e9ticos Centrifugados del Norte S.A. de C.V.<\/span>\n<\/div><div class=\"deeper-special-text style-1 align-left \" style=\"margin:0 0 40px;\"  data-inviewport=\"yes\">\r\n\t\t\t\t\t\t<div class=\"inner\">\r\n\t\t\t\t\t\t\t<h2 class=\"text \" style=\"font-size:28px;line-height:34px;padding:0 0 20px;\"><span>Nuestra historia<\/span>\n<\/h2>\r\n\t\t\t\t\t\t\t<span class=\"line  bg-accent\" style=\"width:80px;height:2px;\"><\/span>\r\n\t\t\t\t\t\t<\/div>\r\n\t\t\t\t\t<\/div><div class=\"deeper-text align-left \" style=\"font-size:18px;line-height:27px;\" ><span>Energ\u00e9ticos Centrifugados del Norte nace en 1978, enfocados en otorgar un servicio de alto nivel a nuestros clientes de mayoreo, cumpliendo con las m\u00e1s exclusivas necesidades del mercado en la comercializaci\u00f3n y distribuci\u00f3n de combustibles.<\/span>\n<\/div><div class=\"deeper-spacer clearfix\" data-config='{\"desktop\":60,\"mobile\":50,\"smobile\":40}'><\/div><div class=\"url-wrap  align-left\">\r\n\t\t\t\t\t\t<a class=\"deeper-button button-accent medium\" style=\"\" href=https:\/\/www.ecnorsa.com.mx\/?page_id=18 >Cont\u00e1ctanos<\/a>\r\n\t\t\t\t\t<\/div>\r\n\t\t\t\t\t<\/div>\r\n\t\t\t\t\t\r\n\t\t\t\t<\/div>[\/vc_column_inner][vc_column_inner offset=&#8221;vc_col-md-6&#8243;]<div class=\"deeper-spacer clearfix\" data-config='{\"mobile\":30,\"smobile\":30}'><\/div><div class=\"deeper-parallax-box\"><div class=\"parallax-wrap\"><div class=\"deeper-parallax-item  has-width\" style=\"left:15.79%;margin-top:46.334%;width:22.8%;\" data-parallax='{\"x\" : 30,\"y\" : 30, \"smoothness\" : 30}' data-top=\"46.334%\"><img class=\"parallax-image\" src=\"https:\/\/www.ecnorsa.com.mx\/wp-content\/uploads\/2020\/05\/dots-blue-5x11-1.png\" alt=\"image\"><\/div><div class=\"deeper-parallax-item  has-width\" style=\"width:56.14%;border-radius:20px;box-shadow:0 50px 30px 0 rgba(237,237,237,0.3);\" data-parallax='{\"x\" : -30,\"y\" : 0, \"smoothness\" : 30}' data-top=\"\"><img class=\"parallax-image\" src=\"https:\/\/www.ecnorsa.com.mx\/wp-content\/uploads\/2020\/08\/Acercade1final.png\" alt=\"image\"><\/div><div class=\"deeper-parallax-item  has-width\" style=\"left:31.087%;margin-top:12.5%;width:55%;border-radius:20px;box-shadow:0 50px 70px 0 rgba(237,237,237,0.3);\" data-parallax='{\"x\" : 30,\"y\" : 0, \"smoothness\" : 30}' data-top=\"12.5%\"><img class=\"parallax-image\" src=\"https:\/\/www.ecnorsa.com.mx\/wp-content\/uploads\/2020\/08\/Acercade2final-1.png\" alt=\"image\"><\/div><\/div><\/div>[\/vc_column_inner][\/vc_row_inner]<div class=\"deeper-spacer clearfix\" data-config='{\"desktop\":100,\"mobile\":80,\"smobile\":60}'><\/div>[\/vc_column][\/vc_row][vc_row full_width=&#8221;stretch_row&#8221; column_spacing=&#8221;30px&#8221; canvas=&#8221;%5B%7B%22element%22%3A%22image%22%2C%22shape%22%3A%22shape-1%22%2C%22image_effect%22%3A%22style-1%22%2C%22smoothness%22%3A%2230%22%7D%5D&#8221; css=&#8221;.vc_custom_1588781107839{background-color: #f3f5fb !important;}&#8221;][vc_column]<div class=\"deeper-spacer clearfix\" data-config='{\"desktop\":100,\"mobile\":80,\"smobile\":60}'><\/div>[vc_row_inner][vc_column_inner offset=&#8221;vc_col-md-6&#8243;]<div class=\"deeper-content-box clearfix ctb-599718943 wow fadeInUp\" style=\"\" data-config='{\"padding\":\"0 17.5% 0 0\",\"mobiPadding\":\"0\",\"margin\":\"0\",\"mobiMargin\":\"0\",\"borderStyleHover\":\"solid\"}' data-wow-duration=\"0.75s\" data-wow-delay=\"0.3s\">\r\n\t\t\t\t\t<div class=\"inner \" style=\"\">\r\n\t\t\t\t\t\t<h2 class=\"deeper-text align-left \" style=\"font-size:15px;line-height:24px;letter-spacing:0.25px;margin-bottom:25px;\" ><span>El m\u00e1s grande distribuidor de combustibles en el pa\u00eds.<\/span>\n<\/h2><div class=\"deeper-divider divider-center divider-solid\" style=\"border-top-color:#212529;margin:0 0 25px;\"><\/div><div class=\"clearfix\"><\/div><h2 class=\"deeper-text align-left \" style=\"font-size:28px;line-height:34px;margin-bottom:35px;\" ><span>Somos ECNORSA<\/span>\n<\/h2><div class=\"deeper-text align-left \" style=\"font-size:18px;line-height:27px;margin-bottom:45px;\" ><span>Contamos ya con mas 40 a\u00f1os de experiencia en el mercado<b>\u00a0<\/b>y con el transporte id\u00f3neo para llevar el producto que m\u00e1s le convenga hasta su empresa los 365 d\u00edas del a\u00f1o.<\/span>\n<\/div>\r\n\t\t\t\t\t<\/div>\r\n\t\t\t\t\t\r\n\t\t\t\t<\/div><div class=\"deeper-spacer clearfix\" data-config='{\"mobile\":30,\"smobile\":30}'><\/div>[\/vc_column_inner][vc_column_inner offset=&#8221;vc_col-md-6&#8243;]<div class=\"deeper-gridbox clearfix  grid2 no-borders v-30 h-60  grid-lg-2 grid-md-2 grid-sm-1\" data-column=\"2\"><div class=\"deeper-content-box clearfix ctb-1111392838 wow fadeInUp\" style=\"\" data-config='{\"padding\":\"0\",\"mobiPadding\":\"0\",\"margin\":\"0\",\"mobiMargin\":\"0\",\"borderStyleHover\":\"solid\"}' data-wow-duration=\"0.75s\" data-wow-delay=\"0.3s\">\r\n\t\t\t\t\t<div class=\"inner \" style=\"\">\r\n\t\t\t\t\t\t<h2 class=\"deeper-text align-left \" style=\"font-size:15px;line-height:24px;letter-spacing:0.25px;margin-bottom:25px;\" ><span>Capacidad<\/span>\n<\/h2><div class=\"deeper-divider divider-center divider-solid\" style=\"border-top-color:#212529;margin:0 0 25px;\"><\/div><div class=\"clearfix\"><\/div><div class=\"deeper-text align-left \" style=\"margin-bottom:0px;\" ><span>La transportaci\u00f3n siempre ir\u00e1 de acuerdo a la cantidad de producto que usted requiera a trav\u00e9s de una flotilla de mas de 200 auto tanques con capacidad de <b>5, 10, 15, 20, 30 45<\/b>\u00a0y<b>\u00a065 mil<\/b>\u00a0litros.<\/span>\n<\/div>\r\n\t\t\t\t\t<\/div>\r\n\t\t\t\t\t\r\n\t\t\t\t<\/div><div class=\"deeper-content-box clearfix ctb-81670126 wow fadeInUp\" style=\"\" data-config='{\"padding\":\"0\",\"mobiPadding\":\"0\",\"margin\":\"0\",\"mobiMargin\":\"0\",\"borderStyleHover\":\"solid\"}' data-wow-duration=\"0.75s\" data-wow-delay=\"0.3s\">\r\n\t\t\t\t\t<div class=\"inner \" style=\"\">\r\n\t\t\t\t\t\t<h2 class=\"deeper-text align-left \" style=\"font-size:15px;line-height:24px;letter-spacing:0.25px;margin-bottom:25px;\" ><span>Almacenamiento<\/span>\n<\/h2><div class=\"deeper-divider divider-center divider-solid\" style=\"border-top-color:#212529;margin:0 0 25px;\"><\/div><div class=\"clearfix\"><\/div><div class=\"deeper-text align-left \" style=\"margin-bottom:0px;\" ><span>Contamos con una capacidad instalada de almacenamiento de m\u00e1s de <b>6 millones de litros<\/b>, que aunado a un nuestras modernas instalaciones, equipo de vaciado y llenado de alta tecnolog\u00eda y una infraestructura adecuada que nos permite ofrecer un servicio expedito y a tiempo en la entrega.<\/span>\n<\/div>\r\n\t\t\t\t\t<\/div>\r\n\t\t\t\t\t\r\n\t\t\t\t<\/div><div class=\"deeper-content-box clearfix ctb-1422832559 wow fadeInUp\" style=\"\" data-config='{\"padding\":\"0\",\"mobiPadding\":\"0\",\"margin\":\"0\",\"mobiMargin\":\"0\",\"borderStyleHover\":\"solid\"}' data-wow-duration=\"0.75s\" data-wow-delay=\"0.3s\">\r\n\t\t\t\t\t<div class=\"inner \" style=\"\">\r\n\t\t\t\t\t\t<h2 class=\"deeper-text align-left \" style=\"font-size:15px;line-height:24px;letter-spacing:0.25px;margin-bottom:25px;\" ><span>Calidad<\/span>\n<\/h2><div class=\"deeper-divider divider-center divider-solid\" style=\"border-top-color:#212529;margin:0 0 25px;\"><\/div><div class=\"clearfix\"><\/div><div class=\"deeper-text align-left \" style=\"margin-bottom:0px;\" ><span>Estamos conscientes de la importancia que tiene para usted la calidad en el servicio, ya que inciden directamente en la generaci\u00f3n de valor en su empresa. Por ello usted cuenta con nuestra garant\u00eda de servicio y el respaldo de personal altamente calificado.<\/span>\n<\/div>\r\n\t\t\t\t\t<\/div>\r\n\t\t\t\t\t\r\n\t\t\t\t<\/div><div class=\"deeper-content-box clearfix ctb-2095675968 wow fadeInUp\" style=\"\" data-config='{\"padding\":\"0\",\"mobiPadding\":\"0\",\"margin\":\"0\",\"mobiMargin\":\"0\",\"borderStyleHover\":\"solid\"}' data-wow-duration=\"0.75s\" data-wow-delay=\"0.3s\">\r\n\t\t\t\t\t<div class=\"inner \" style=\"\">\r\n\t\t\t\t\t\t<h2 class=\"deeper-text align-left \" style=\"font-size:15px;line-height:24px;letter-spacing:0.25px;margin-bottom:25px;\" ><span>Productos<\/span>\n<\/h2><div class=\"deeper-divider divider-center divider-solid\" style=\"border-top-color:#212529;margin:0 0 25px;\"><\/div><div class=\"clearfix\"><\/div><div class=\"deeper-text align-left \" style=\"margin-bottom:0px;\" ><span>Distribuidor autorizado de productos de las marcas\u00a0<span class=\"font-size-18 lh-1\">PEMEX<\/span>\u00a0(Diesel Sin y Diesel Industrial)\u00a0y\u00a0<span class=\"font-size-18 lh-1\">Mobil&#x2122;<\/span> (Mobil Diesel&#x2122;), as\u00ed como gasolinas y di\u00e9sel importado, para abastecer a los m\u00e1s importantes mercados de la industria y del transporte a trav\u00e9s de un servicio altamente confiable, oportuno y calificado.<\/span>\n<\/div>\r\n\t\t\t\t\t<\/div>\r\n\t\t\t\t\t\r\n\t\t\t\t<\/div><\/div>[\/vc_column_inner][\/vc_row_inner]<div class=\"deeper-spacer clearfix\" data-config='{\"desktop\":100,\"mobile\":80,\"smobile\":60}'><\/div>[\/vc_column][\/vc_row][vc_row full_width=&#8221;stretch_row&#8221; canvas=&#8221;%5B%7B%22element%22%3A%22image%22%2C%22shape%22%3A%22shape-1%22%2C%22image%22%3A%221572%22%2C%22image_width%22%3A%22130px%22%2C%22image_post_left%22%3A%2216%25%22%2C%22image_post_bottom%22%3A%2225px%22%2C%22image_effect%22%3A%22style-1%22%2C%22parallax_atts%22%3A%22%5C%22y%5C%22%3A%20-50%22%2C%22smoothness%22%3A%2230%22%2C%22class%22%3A%22dots%22%7D%5D&#8221; css=&#8221;.vc_custom_1589907753820{background-color: #323754 !important;}&#8221;][vc_column]<div class=\"deeper-spacer clearfix\" data-config='{\"desktop\":100,\"mobile\":80,\"smobile\":60}'><\/div><div class=\"deeper-special-text style-1 align-left  wow fadeInUp\" style=\"\"  data-wow-duration=\"0.75s\" data-wow-delay=\"0.3s\" data-inviewport=\"yes\">\r\n\t\t\t\t\t\t<div class=\"inner\">\r\n\t\t\t\t\t\t\t<h2 class=\"text \" style=\"font-size:28px;line-height:34px;padding:0 0 20px;color:#ffffff;max-width:450px;\"><span>Testimonios y comentarios de algunos de nuestros clientes.<\/span>\n<\/h2>\r\n\t\t\t\t\t\t\t<span class=\"line \" style=\"background-color:#00dadc;width:80px;\"><\/span>\r\n\t\t\t\t\t\t<\/div>\r\n\t\t\t\t\t<\/div><div class=\"deeper-spacer clearfix\" data-config='{\"desktop\":80,\"mobile\":60,\"smobile\":40}'><\/div><div class=\"deeper-spacer clearfix\" data-config='{\"desktop\":330,\"mobile\":330,\"smobile\":330}'><\/div>[\/vc_column][\/vc_row][vc_row canvas=&#8221;%5B%7B%22element%22%3A%22image%22%2C%22svg_width%22%3A%22100px%22%2C%22svg_rotate%22%3A%2210deg%22%2C%22image_effect%22%3A%22style-1%22%2C%22smoothness%22%3A%2230%22%7D%5D&#8221; el_class=&#8221;overflow-visible&#8221;][vc_column][vc_row_inner equal_height=&#8221;yes&#8221; column_inner_spacing=&#8221;30px&#8221; css=&#8221;.vc_custom_1588422262778{margin-top: -330px !important;}&#8221;][vc_column_inner offset=&#8221;vc_col-md-4&#8243;]<div class=\"deeper-content-box clearfix ctb-29159900 wow fadeInUp\" style=\"\" data-config='{\"padding\":\"0\",\"mobiPadding\":\"0\",\"margin\":\"0\",\"mobiMargin\":\"0\",\"borderStyleHover\":\"solid\"}' data-wow-duration=\"0.75s\" data-wow-delay=\"0.6s\">\r\n\t\t\t\t\t<div class=\"inner \" style=\"\">\r\n\t\t\t\t\t\t\n\t\t\t<div class=\"deeper-testimonial-box style-1 box-text-shadow\" >\n\t\t\t\t\n\t\t\t\t\t\t<div class=\"texts\" style=\"background-color:#ffffff;padding:62px 40px 39px;margin:-40px 0 0;\">\n\t\t\t\t\t\t<h3 class=\"title  accent-color\" style=\"\">\n\t\t\t\t\tTiempo de entrega\n\t\t\t\t<\/h3><div class=\"comment\" style=\"\">\n\t\t\t\t\t<p><span class=\"text-italic\">\u201cECNORSA tiene el mejor tiempo de entrega y calidad en el servicio\u201d<\/span><\/p>\n\n\t\t\t\t<\/div><div class=\"rating\">\n\t\t\t\t\t\t<img style =\"width:100px;\" src=\"https:\/\/www.ecnorsa.com.mx\/wp-content\/uploads\/2020\/05\/stars.png\" alt=\"Star\">\n\t\t\t\t\t<\/div>\t\t\t\t\t\t\t<div class=\"author-info\">\n\t\t\t\t\t\t\t\t<h5 class=\"author-name\" style=\"\">\n\t\t\t\t\t\tElena Martinez\n\t\t\t\t\t<\/h5><span class=\"author-position\" style=\"color:#aeaeae;\">\n\t\t\t\t\t\tSector alimenticio\n\t\t\t\t\t<\/span>\t\t\t\t\t\t\t<\/div><!-- \/.author-info -->\n\t\t\t\t\t\t<\/div><!-- \/.texts -->\n\t\t\t\t\t\t\t\t\t<\/div><!-- \/.deeper-testimonial-box -->\n\n\t\t\t\r\n\t\t\t\t\t<\/div>\r\n\t\t\t\t\t\r\n\t\t\t\t<\/div><div class=\"deeper-spacer clearfix\" data-config='{\"mobile\":30,\"smobile\":30}'><\/div>[\/vc_column_inner][vc_column_inner offset=&#8221;vc_col-md-4&#8243;]<div class=\"deeper-content-box clearfix ctb-628821205 wow fadeInUp\" style=\"\" data-config='{\"padding\":\"0\",\"mobiPadding\":\"0\",\"margin\":\"-20px 0 0\",\"mobiMargin\":\"0\",\"borderStyleHover\":\"solid\"}' data-wow-duration=\"0.75s\" data-wow-delay=\"0.3s\">\r\n\t\t\t\t\t<div class=\"inner \" style=\"\">\r\n\t\t\t\t\t\t\n\t\t\t<div class=\"deeper-testimonial-box style-1 box-text-shadow\" >\n\t\t\t\t\n\t\t\t\t\t\t<div class=\"texts\" style=\"background-color:#ffffff;padding:62px 40px 39px;margin:-40px 0 0;\">\n\t\t\t\t\t\t<h3 class=\"title  accent-color\" style=\"\">\n\t\t\t\t\tCargamento completo\n\t\t\t\t<\/h3><div class=\"comment\" style=\"\">\n\t\t\t\t\t<p><span class=\"text-italic\">\u201cCon ECNORSA tengo la seguridad que si pido 5,000 litros recibo los 5,000 litros, tienen un gran estandar de calidad en cuanto a sus entregas\u201d<\/span><\/p>\n\n\t\t\t\t<\/div><div class=\"rating\">\n\t\t\t\t\t\t<img style =\"width:100px;\" src=\"https:\/\/www.ecnorsa.com.mx\/wp-content\/uploads\/2020\/05\/stars.png\" alt=\"Star\">\n\t\t\t\t\t<\/div>\t\t\t\t\t\t\t<div class=\"author-info\">\n\t\t\t\t\t\t\t\t<h5 class=\"author-name\" style=\"\">\n\t\t\t\t\t\tTom\u00e1s Garza\n\t\t\t\t\t<\/h5><span class=\"author-position\" style=\"color:#aeaeae;\">\n\t\t\t\t\t\tSector de combustibles\n\t\t\t\t\t<\/span>\t\t\t\t\t\t\t<\/div><!-- \/.author-info -->\n\t\t\t\t\t\t<\/div><!-- \/.texts -->\n\t\t\t\t\t\t\t\t\t<\/div><!-- \/.deeper-testimonial-box -->\n\n\t\t\t\r\n\t\t\t\t\t<\/div>\r\n\t\t\t\t\t\r\n\t\t\t\t<\/div><div class=\"deeper-spacer clearfix\" data-config='{\"mobile\":30,\"smobile\":30}'><\/div>[\/vc_column_inner][vc_column_inner offset=&#8221;vc_col-md-4&#8243;]<div class=\"deeper-content-box clearfix ctb-224665295 wow fadeInUp\" style=\"\" data-config='{\"padding\":\"0\",\"mobiPadding\":\"0\",\"margin\":\"0\",\"mobiMargin\":\"0\",\"borderStyleHover\":\"solid\"}' data-wow-duration=\"0.75s\" data-wow-delay=\"0.6s\">\r\n\t\t\t\t\t<div class=\"inner \" style=\"\">\r\n\t\t\t\t\t\t\n\t\t\t<div class=\"deeper-testimonial-box style-1 box-text-shadow\" >\n\t\t\t\t\n\t\t\t\t\t\t<div class=\"texts\" style=\"background-color:#ffffff;padding:62px 40px 39px;margin:-40px 0 0;\">\n\t\t\t\t\t\t<h3 class=\"title  accent-color\" style=\"\">\n\t\t\t\t\tExcelente servicio\n\t\t\t\t<\/h3><div class=\"comment\" style=\"\">\n\t\t\t\t\t<p><span class=\"text-italic\">\u201cTrato muy profesional y muy r\u00e1pidos en resolver cualquier necesidad que pueda tener en la empresa.\u201d<\/span><\/p>\n\n\t\t\t\t<\/div><div class=\"rating\">\n\t\t\t\t\t\t<img style =\"width:100px;\" src=\"https:\/\/www.ecnorsa.com.mx\/wp-content\/uploads\/2020\/05\/stars.png\" alt=\"Star\">\n\t\t\t\t\t<\/div>\t\t\t\t\t\t\t<div class=\"author-info\">\n\t\t\t\t\t\t\t\t<h5 class=\"author-name\" style=\"\">\n\t\t\t\t\t\tMartha gonzalez\n\t\t\t\t\t<\/h5><span class=\"author-position\" style=\"color:#aeaeae;\">\n\t\t\t\t\t\tSector alimenticio\n\t\t\t\t\t<\/span>\t\t\t\t\t\t\t<\/div><!-- \/.author-info -->\n\t\t\t\t\t\t<\/div><!-- \/.texts -->\n\t\t\t\t\t\t\t\t\t<\/div><!-- \/.deeper-testimonial-box -->\n\n\t\t\t\r\n\t\t\t\t\t<\/div>\r\n\t\t\t\t\t\r\n\t\t\t\t<\/div>[\/vc_column_inner][\/vc_row_inner]<div class=\"deeper-spacer clearfix\" data-config='{\"desktop\":120,\"mobile\":100,\"smobile\":80}'><\/div>[\/vc_column][\/vc_row][vc_row][vc_column]<div class=\"deeper-spacer clearfix\" data-config='{\"desktop\":80,\"mobile\":60,\"smobile\":40}'><\/div><h2 class=\"deeper-text align-center \" style=\"\" ><span>Cobertura nacional<\/span>\n<\/h2>[\/vc_column][\/vc_row][vc_row content_placement=&#8221;middle&#8221; canvas=&#8221;%5B%7B%22element%22%3A%22image%22%2C%22shape%22%3A%22shape-1%22%2C%22image_effect%22%3A%22style-1%22%2C%22smoothness%22%3A%2230%22%7D%5D&#8221;][vc_column][vc_row_inner content_placement=&#8221;middle&#8221;][vc_column_inner width=&#8221;1\/4&#8243;][\/vc_column_inner][vc_column_inner width=&#8221;1\/2&#8243;]<div class=\"deeper-spacer clearfix\" data-config='{\"desktop\":80,\"mobile\":60,\"smobile\":40}'><\/div><div class=\"deeper-fancy-image simple \" style=\" max-width:600px;\" >\r\n\t\t\t\t\t\t\t<img alt=\"image\" src=\"https:\/\/www.ecnorsa.com.mx\/wp-content\/uploads\/2020\/09\/Mapa-Ecnorsa-vf.png\" \/> \r\n\t\t\t\t\t\t<\/div><div class=\"deeper-spacer clearfix\" data-config='{\"desktop\":100,\"mobile\":80,\"smobile\":60}'><\/div>[\/vc_column_inner][vc_column_inner width=&#8221;1\/4&#8243;][\/vc_column_inner][\/vc_row_inner][vc_row_inner][vc_column_inner]<div class=\"deeper-text align-center \" style=\"font-size:18px;line-height:27px;\" ><ul>\n<li style=\"list-style-type: none;\">\n<ul>\u2022 Nuevo Le\u00f3n \u2022 Coahuila \u2022 Tamaulipas \u2022 San Luis Potos\u00ed \u2022 Jalisco \u2022 Aguascalientes \u2022 Guanajuato \u2022 Michoac\u00e1n \u2022 Quer\u00e9taro \u2022 Hidalgo \u2022 M\u00e9xico \u2022 CDMX \u2022 Tlaxcala \u2022 Morelos \u2022 Puebla \u2022 Veracruz \u2022 Tabasco \u2022 Chiapas \u2022 Campeche<\/ul>\n<\/li>\n<\/ul>\n<\/div>[\/vc_column_inner][\/vc_row_inner]<div class=\"deeper-spacer clearfix\" data-config='{\"desktop\":100,\"mobile\":80,\"smobile\":60}'><\/div><div class=\"deeper-spacer clearfix\" data-config='{\"desktop\":100,\"mobile\":80,\"smobile\":60}'><\/div>[\/vc_column][\/vc_row]<\/p>\n","protected":false},"excerpt":{"rendered":"<p>[vc_row][vc_column][vc_row_inner equal_height=&#8221;yes&#8221; content_placement=&#8221;middle&#8221; column_inner_spacing=&#8221;30px&#8221;][vc_column_inner offset=&#8221;vc_col-md-6&#8243;][\/vc_column_inner][vc_column_inner offset=&#8221;vc_col-md-6&#8243;][\/vc_column_inner][\/vc_row_inner][\/vc_column][\/vc_row][vc_row full_width=&#8221;stretch_row&#8221; column_spacing=&#8221;30px&#8221; canvas=&#8221;%5B%7B%22element%22%3A%22image%22%2C%22shape%22%3A%22shape-1%22%2C%22image_effect%22%3A%22style-1%22%2C%22smoothness%22%3A%2230%22%7D%5D&#8221; css=&#8221;.vc_custom_1588781107839{background-color: #f3f5fb !important;}&#8221;][vc_column][vc_row_inner][vc_column_inner offset=&#8221;vc_col-md-6&#8243;][\/vc_column_inner][vc_column_inner offset=&#8221;vc_col-md-6&#8243;][\/vc_column_inner][\/vc_row_inner][\/vc_column][\/vc_row][vc_row full_width=&#8221;stretch_row&#8221; canvas=&#8221;%5B%7B%22element%22%3A%22image%22%2C%22shape%22%3A%22shape-1%22%2C%22image%22%3A%221572%22%2C%22image_width%22%3A%22130px%22%2C%22image_post_left%22%3A%2216%25%22%2C%22image_post_bottom%22%3A%2225px%22%2C%22image_effect%22%3A%22style-1%22%2C%22parallax_atts%22%3A%22%5C%22y%5C%22%3A%20-50%22%2C%22smoothness%22%3A%2230%22%2C%22class%22%3A%22dots%22%7D%5D&#8221; css=&#8221;.vc_custom_1589907753820{background-color: #323754 !important;}&#8221;][vc_column][\/vc_column][\/vc_row][vc_row canvas=&#8221;%5B%7B%22element%22%3A%22image%22%2C%22svg_width%22%3A%22100px%22%2C%22svg_rotate%22%3A%2210deg%22%2C%22image_effect%22%3A%22style-1%22%2C%22smoothness%22%3A%2230%22%7D%5D&#8221; el_class=&#8221;overflow-visible&#8221;][vc_column][vc_row_inner equal_height=&#8221;yes&#8221; column_inner_spacing=&#8221;30px&#8221; css=&#8221;.vc_custom_1588422262778{margin-top: -330px !important;}&#8221;][vc_column_inner offset=&#8221;vc_col-md-4&#8243;][\/vc_column_inner][vc_column_inner offset=&#8221;vc_col-md-4&#8243;][\/vc_column_inner][vc_column_inner offset=&#8221;vc_col-md-4&#8243;][\/vc_column_inner][\/vc_row_inner][\/vc_column][\/vc_row][vc_row][vc_column][\/vc_column][\/vc_row][vc_row content_placement=&#8221;middle&#8221; canvas=&#8221;%5B%7B%22element%22%3A%22image%22%2C%22shape%22%3A%22shape-1%22%2C%22image_effect%22%3A%22style-1%22%2C%22smoothness%22%3A%2230%22%7D%5D&#8221;][vc_column][vc_row_inner content_placement=&#8221;middle&#8221;][vc_column_inner width=&#8221;1\/4&#8243;][\/vc_column_inner][vc_column_inner width=&#8221;1\/2&#8243;][\/vc_column_inner][vc_column_inner width=&#8221;1\/4&#8243;][\/vc_column_inner][\/vc_row_inner][vc_row_inner][vc_column_inner][\/vc_column_inner][\/vc_row_inner][\/vc_column][\/vc_row]<\/p>\n","protected":false},"author":1,"featured_media":0,"parent":0,"menu_order":0,"comment_status":"closed","ping_status":"closed","template":"","meta":[],"_links":{"self":[{"href":"https:\/\/www.ecnorsa.com.mx\/index.php?rest_route=\/wp\/v2\/pages\/14"}],"collection":[{"href":"https:\/\/www.ecnorsa.com.mx\/index.php?rest_route=\/wp\/v2\/pages"}],"about":[{"href":"https:\/\/www.ecnorsa.com.mx\/index.php?rest_route=\/wp\/v2\/types\/page"}],"author":[{"embeddable":true,"href":"https:\/\/www.ecnorsa.com.mx\/index.php?rest_route=\/wp\/v2\/users\/1"}],"replies":[{"embeddable":true,"href":"https:\/\/www.ecnorsa.com.mx\/index.php?rest_route=%2Fwp%2Fv2%2Fcomments&post=14"}],"version-history":[{"count":53,"href":"https:\/\/www.ecnorsa.com.mx\/index.php?rest_route=\/wp\/v2\/pages\/14\/revisions"}],"predecessor-version":[{"id":2718,"href":"https:\/\/www.ecnorsa.com.mx\/index.php?rest_route=\/wp\/v2\/pages\/14\/revisions\/2718"}],"wp:attachment":[{"href":"https:\/\/www.ecnorsa.com.mx\/index.php?rest_route=%2Fwp%2Fv2%2Fmedia&parent=14"}],"curies":[{"name":"wp","href":"https:\/\/api.w.org\/{rel}","templated":true}]}}